{"id":2451,"date":"2024-05-13T10:25:07","date_gmt":"2024-05-13T13:25:07","guid":{"rendered":"https:\/\/innport.com.br\/?page_id=2451"},"modified":"2025-11-19T12:26:49","modified_gmt":"2025-11-19T15:26:49","slug":"simuladores","status":"publish","type":"page","link":"https:\/\/innport.com.br\/en\/simuladores\/","title":{"rendered":"Simulators"},"content":{"rendered":"<p>[et_pb_section fb_built=&#8221;1&#8243; _builder_version=&#8221;4.17.3&#8243; _module_preset=&#8221;default&#8221; global_colors_info=&#8221;{}&#8221;][et_pb_row column_structure=&#8221;1_2,1_2&#8243; _builder_version=&#8221;4.17.3&#8243; _module_preset=&#8221;default&#8221; module_alignment=&#8221;center&#8221; global_colors_info=&#8221;{}&#8221;][et_pb_column type=&#8221;1_2&#8243; _builder_version=&#8221;4.17.3&#8243; _module_preset=&#8221;default&#8221; global_colors_info=&#8221;{}&#8221;][et_pb_image src=&#8221;https:\/\/innport.com.br\/wp-content\/uploads\/2024\/01\/Realists_logo_4.png&#8221; alt=&#8221;Logo Realists&#8221; title_text=&#8221;logorealists&#8221; url=&#8221;@ET-DC@eyJkeW5hbWljIjp0cnVlLCJjb250ZW50IjoicG9zdF9saW5rX3VybF9wYWdlIiwic2V0dGluZ3MiOnsicG9zdF9pZCI6IjEyNTIifX0=@&#8221; _builder_version=&#8221;4.17.3&#8243; _dynamic_attributes=&#8221;url&#8221; _module_preset=&#8221;default&#8221; width=&#8221;70%&#8221; module_alignment=&#8221;center&#8221; hover_enabled=&#8221;0&#8243; global_colors_info=&#8221;{}&#8221; custom_margin=&#8221;19px||||false|false&#8221; sticky_enabled=&#8221;0&#8243;][\/et_pb_image][et_pb_text _builder_version=&#8221;4.17.3&#8243; _module_preset=&#8221;default&#8221; text_font=&#8221;Montserrat||||||||&#8221; text_font_size=&#8221;18px&#8221; text_orientation=&#8221;center&#8221; custom_margin=&#8221;||||false|false&#8221; global_colors_info=&#8221;{}&#8221;]<\/p>\n<p style=\"text-align: center;\"><span>Simuladores Cir\u00fargicos Ultra Realistas para <span style=\"color: #ff0000;\">Cirurgia de Coluna<\/span><\/span><\/p>\n<p>[\/et_pb_text][\/et_pb_column][et_pb_column type=&#8221;1_2&#8243; _builder_version=&#8221;4.17.3&#8243; _module_preset=&#8221;default&#8221; global_colors_info=&#8221;{}&#8221;][et_pb_image src=&#8221;https:\/\/innport.com.br\/wp-content\/uploads\/2025\/11\/surgicallow.png&#8221; alt=&#8221;Intelligent Ultrassound&#8221; title_text=&#8221;surgicallow&#8221; url=&#8221;http:\/\/innport.com.br\/surgical-science&#8221; align=&#8221;center&#8221; _builder_version=&#8221;4.17.3&#8243; _module_preset=&#8221;default&#8221; width=&#8221;80%&#8221; module_alignment=&#8221;center&#8221; custom_margin=&#8221;||||false|false&#8221; hover_enabled=&#8221;0&#8243; global_colors_info=&#8221;{}&#8221; sticky_enabled=&#8221;0&#8243;][\/et_pb_image][et_pb_text _builder_version=&#8221;4.17.3&#8243; _module_preset=&#8221;default&#8221; text_font=&#8221;Montserrat||||||||&#8221; text_font_size=&#8221;18px&#8221; custom_margin=&#8221;3px||||false|false&#8221; global_colors_info=&#8221;{}&#8221;]<\/p>\n<p style=\"text-align: center;\"><span>Simula\u00e7\u00e3o para aprendizado do <span style=\"color: #ff0000;\">Ultrassom <\/span>de maneira r\u00e1pida e eficaz<\/span><\/p>\n<p>[\/et_pb_text][\/et_pb_column][\/et_pb_row][\/et_pb_section]<\/p>\n<span class=\"et_bloom_bottom_trigger\"><\/span>","protected":false},"excerpt":{"rendered":"<p>Simuladores Cir\u00fargicos Ultra Realistas para Cirurgia de ColunaSimula\u00e7\u00e3o para aprendizado do Ultrassom de maneira r\u00e1pida e eficaz<\/p>","protected":false},"author":1,"featured_media":0,"parent":0,"menu_order":0,"comment_status":"closed","ping_status":"closed","template":"","meta":{"_et_pb_use_builder":"on","_et_pb_old_content":"","_et_gb_content_width":"","inline_featured_image":false,"footnotes":""},"class_list":["post-2451","page","type-page","status-publish","hentry"],"yoast_head":"<!-- This site is optimized with the Yoast SEO plugin v27.3 - https:\/\/yoast.com\/product\/yoast-seo-wordpress\/ -->\n<title>Simuladores - INNPORT<\/title>\n<meta name=\"robots\" content=\"index, follow, max-snippet:-1, max-image-preview:large, max-video-preview:-1\" \/>\n<link rel=\"canonical\" href=\"https:\/\/innport.com.br\/en\/simuladores\/\" \/>\n<meta property=\"og:locale\" content=\"en_US\" \/>\n<meta property=\"og:type\" content=\"article\" \/>\n<meta property=\"og:title\" content=\"Simuladores - INNPORT\" \/>\n<meta property=\"og:description\" content=\"Simuladores Cir\u00fargicos Ultra Realistas para Cirurgia de ColunaSimula\u00e7\u00e3o para aprendizado do Ultrassom de maneira r\u00e1pida e eficaz\" \/>\n<meta property=\"og:url\" content=\"https:\/\/innport.com.br\/en\/simuladores\/\" \/>\n<meta property=\"og:site_name\" content=\"INNPORT\" \/>\n<meta property=\"article:modified_time\" content=\"2025-11-19T15:26:49+00:00\" \/>\n<meta name=\"twitter:card\" content=\"summary_large_image\" \/>\n<meta name=\"twitter:label1\" content=\"Est. reading time\" \/>\n\t<meta name=\"twitter:data1\" content=\"1 minute\" \/>\n<script type=\"application\/ld+json\" class=\"yoast-schema-graph\">{\"@context\":\"https:\\\/\\\/schema.org\",\"@graph\":[{\"@type\":\"WebPage\",\"@id\":\"https:\\\/\\\/innport.com.br\\\/simuladores\\\/\",\"url\":\"https:\\\/\\\/innport.com.br\\\/simuladores\\\/\",\"name\":\"Simuladores - INNPORT\",\"isPartOf\":{\"@id\":\"https:\\\/\\\/innport.com.br\\\/#website\"},\"datePublished\":\"2024-05-13T13:25:07+00:00\",\"dateModified\":\"2025-11-19T15:26:49+00:00\",\"breadcrumb\":{\"@id\":\"https:\\\/\\\/innport.com.br\\\/simuladores\\\/#breadcrumb\"},\"inLanguage\":\"en-US\",\"potentialAction\":[{\"@type\":\"ReadAction\",\"target\":[\"https:\\\/\\\/innport.com.br\\\/simuladores\\\/\"]}]},{\"@type\":\"BreadcrumbList\",\"@id\":\"https:\\\/\\\/innport.com.br\\\/simuladores\\\/#breadcrumb\",\"itemListElement\":[{\"@type\":\"ListItem\",\"position\":1,\"name\":\"Home\",\"item\":\"https:\\\/\\\/innport.com.br\\\/\"},{\"@type\":\"ListItem\",\"position\":2,\"name\":\"Simuladores\"}]},{\"@type\":\"WebSite\",\"@id\":\"https:\\\/\\\/innport.com.br\\\/#website\",\"url\":\"https:\\\/\\\/innport.com.br\\\/\",\"name\":\"INNPORT\",\"description\":\"Innovative Imports\",\"potentialAction\":[{\"@type\":\"SearchAction\",\"target\":{\"@type\":\"EntryPoint\",\"urlTemplate\":\"https:\\\/\\\/innport.com.br\\\/?s={search_term_string}\"},\"query-input\":{\"@type\":\"PropertyValueSpecification\",\"valueRequired\":true,\"valueName\":\"search_term_string\"}}],\"inLanguage\":\"en-US\"}]}<\/script>\n<!-- \/ Yoast SEO plugin. -->","yoast_head_json":{"title":"Simuladores - INNPORT","robots":{"index":"index","follow":"follow","max-snippet":"max-snippet:-1","max-image-preview":"max-image-preview:large","max-video-preview":"max-video-preview:-1"},"canonical":"https:\/\/innport.com.br\/en\/simuladores\/","og_locale":"en_US","og_type":"article","og_title":"Simuladores - INNPORT","og_description":"Simuladores Cir\u00fargicos Ultra Realistas para Cirurgia de ColunaSimula\u00e7\u00e3o para aprendizado do Ultrassom de maneira r\u00e1pida e eficaz","og_url":"https:\/\/innport.com.br\/en\/simuladores\/","og_site_name":"INNPORT","article_modified_time":"2025-11-19T15:26:49+00:00","twitter_card":"summary_large_image","twitter_misc":{"Est. reading time":"1 minute"},"schema":{"@context":"https:\/\/schema.org","@graph":[{"@type":"WebPage","@id":"https:\/\/innport.com.br\/simuladores\/","url":"https:\/\/innport.com.br\/simuladores\/","name":"Simuladores - INNPORT","isPartOf":{"@id":"https:\/\/innport.com.br\/#website"},"datePublished":"2024-05-13T13:25:07+00:00","dateModified":"2025-11-19T15:26:49+00:00","breadcrumb":{"@id":"https:\/\/innport.com.br\/simuladores\/#breadcrumb"},"inLanguage":"en-US","potentialAction":[{"@type":"ReadAction","target":["https:\/\/innport.com.br\/simuladores\/"]}]},{"@type":"BreadcrumbList","@id":"https:\/\/innport.com.br\/simuladores\/#breadcrumb","itemListElement":[{"@type":"ListItem","position":1,"name":"Home","item":"https:\/\/innport.com.br\/"},{"@type":"ListItem","position":2,"name":"Simuladores"}]},{"@type":"WebSite","@id":"https:\/\/innport.com.br\/#website","url":"https:\/\/innport.com.br\/","name":"INNPORT","description":"Innovative Imports","potentialAction":[{"@type":"SearchAction","target":{"@type":"EntryPoint","urlTemplate":"https:\/\/innport.com.br\/?s={search_term_string}"},"query-input":{"@type":"PropertyValueSpecification","valueRequired":true,"valueName":"search_term_string"}}],"inLanguage":"en-US"}]}},"_links":{"self":[{"href":"https:\/\/innport.com.br\/en\/wp-json\/wp\/v2\/pages\/2451","targetHints":{"allow":["GET"]}}],"collection":[{"href":"https:\/\/innport.com.br\/en\/wp-json\/wp\/v2\/pages"}],"about":[{"href":"https:\/\/innport.com.br\/en\/wp-json\/wp\/v2\/types\/page"}],"author":[{"embeddable":true,"href":"https:\/\/innport.com.br\/en\/wp-json\/wp\/v2\/users\/1"}],"replies":[{"embeddable":true,"href":"https:\/\/innport.com.br\/en\/wp-json\/wp\/v2\/comments?post=2451"}],"version-history":[{"count":18,"href":"https:\/\/innport.com.br\/en\/wp-json\/wp\/v2\/pages\/2451\/revisions"}],"predecessor-version":[{"id":3372,"href":"https:\/\/innport.com.br\/en\/wp-json\/wp\/v2\/pages\/2451\/revisions\/3372"}],"wp:attachment":[{"href":"https:\/\/innport.com.br\/en\/wp-json\/wp\/v2\/media?parent=2451"}],"curies":[{"name":"wp","href":"https:\/\/api.w.org\/{rel}","templated":true}]}}